{"id":296,"date":"2020-07-05T22:41:18","date_gmt":"2020-07-05T22:41:18","guid":{"rendered":"http:\/\/antologiapma.com\/?page_id=296"},"modified":"2020-07-06T07:02:22","modified_gmt":"2020-07-06T07:02:22","slug":"template-pages-10","status":"publish","type":"page","link":"https:\/\/antologiapma.com\/?page_id=296","title":{"rendered":"La Sierpe"},"content":{"rendered":"<p>[vc_row][vc_column width=&#8221;1\/2&#8243;][vc_single_image image=&#8221;146&#8243; img_size=&#8221;692&#215;1024&#8243; onclick=&#8221;img_link_large&#8221;][\/vc_column][vc_column width=&#8221;1\/2&#8243;][vc_column_text]<\/p>\n<h2 style=\"text-align: center;\">La Sierpe<\/h2>\n<p>El <em>DJ <\/em>se est\u00e1 en su apartamento parar\u00e1ndose para su presentaci\u00f3n en el <em>Snake\u00b4s Party<\/em>, fiesta tem\u00e1tica de reptiles. Los asistentes perteneces a la Sierpe, una extra\u00f1a tribu urbana, desconocida, caracterizada por su gusto por los reptiles. Han sido espec\u00edficos con la musica electr\u00f3nica y el material visual por lo que el <em>DJ<\/em> revisa la presentaci\u00f3n en su computadora. Lo que sabe de la tribu es que tiene chicas muy sexys por lo que espera ampliar su colecci\u00f3n de conquistas.[\/vc_column_text][vc_separator color=&#8221;chino&#8221; style=&#8221;shadow&#8221;][vc_column_text]<\/p>\n<h3>Escrito por Eduardo Jaspe Lescure.<\/h3>\n<p>[\/vc_column_text][vc_single_image image=&#8221;344&#8243; img_size=&#8221;full&#8221; onclick=&#8221;custom_link&#8221; img_link_target=&#8221;_blank&#8221; link=&#8221;http:\/\/www.cultura.utp.ac.pa\/escritores\/jaspe-eduardo.html&#8221;][vc_column_text]<\/p>\n<h3>Lineas por Oliver S\u00e1nchez<\/h3>\n<p>[\/vc_column_text][vc_single_image image=&#8221;346&#8243; img_size=&#8221;full&#8221; onclick=&#8221;custom_link&#8221; img_link_target=&#8221;_blank&#8221; link=&#8221;https:\/\/www.instagram.com\/oliverchez\/&#8221;][vc_column_text]<\/p>\n<h3>Colores por C\u00e9sar Sanjur.<\/h3>\n<p>[\/vc_column_text][vc_single_image image=&#8221;345&#8243; img_size=&#8221;full&#8221; onclick=&#8221;custom_link&#8221; img_link_target=&#8221;_blank&#8221; link=&#8221;https:\/\/www.instagram.com\/zsarsalad\/?hl=en&#8221;][\/vc_column][\/vc_row]<\/p>\n","protected":false},"excerpt":{"rendered":"<p>[vc_row][vc_column width=&#8221;1\/2&#8243;][vc_single_image image=&#8221;146&#8243; img_size=&#8221;692&#215;1024&#8243; onclick=&#8221;img_link_large&#8221;][\/vc_column][vc_column width=&#8221;1\/2&#8243;][vc_column_text] La Sierpe El DJ se est\u00e1 en su apartamento parar\u00e1ndose para su presentaci\u00f3n en el Snake\u00b4s Party, fiesta tem\u00e1tica<\/p>\n","protected":false},"author":1,"featured_media":0,"parent":0,"menu_order":0,"comment_status":"closed","ping_status":"closed","template":"","meta":{"spay_email":""},"yoast_head":"<!-- This site is optimized with the Yoast SEO plugin v15.2 - https:\/\/yoast.com\/wordpress\/plugins\/seo\/ -->\n<title>La Sierpe - Antolog\u00eda de Historietas Paname\u00f1as<\/title>\n<meta name=\"robots\" content=\"index, follow, max-snippet:-1, max-image-preview:large, max-video-preview:-1\" \/>\n<link rel=\"canonical\" href=\"https:\/\/antologiapma.com\/?page_id=296\" \/>\n<meta property=\"og:locale\" content=\"en_US\" \/>\n<meta property=\"og:type\" content=\"article\" \/>\n<meta property=\"og:title\" content=\"La Sierpe - Antolog\u00eda de Historietas Paname\u00f1as\" \/>\n<meta property=\"og:description\" content=\"[vc_row][vc_column width=&#8221;1\/2&#8243;][vc_single_image image=&#8221;146&#8243; img_size=&#8221;692&#215;1024&#8243; onclick=&#8221;img_link_large&#8221;][\/vc_column][vc_column width=&#8221;1\/2&#8243;][vc_column_text] La Sierpe El DJ se est\u00e1 en su apartamento parar\u00e1ndose para su presentaci\u00f3n en el Snake\u00b4s Party, fiesta tem\u00e1tica\" \/>\n<meta property=\"og:url\" content=\"https:\/\/antologiapma.com\/?page_id=296\" \/>\n<meta property=\"og:site_name\" content=\"Antolog\u00eda de Historietas Paname\u00f1as\" \/>\n<meta property=\"article:modified_time\" content=\"2020-07-06T07:02:22+00:00\" \/>\n<meta name=\"twitter:card\" content=\"summary_large_image\" \/>\n<meta name=\"twitter:label1\" value=\"Written by\">\n\t<meta name=\"twitter:data1\" value=\"r.de@ieee.org\">\n\t<meta name=\"twitter:label2\" value=\"Est. reading time\">\n\t<meta name=\"twitter:data2\" value=\"1 minute\">\n<script type=\"application\/ld+json\" class=\"yoast-schema-graph\">{\"@context\":\"https:\/\/schema.org\",\"@graph\":[{\"@type\":\"WebSite\",\"@id\":\"https:\/\/antologiapma.com\/#website\",\"url\":\"https:\/\/antologiapma.com\/\",\"name\":\"Antologia de Historietas Paname\\u00f1as\",\"description\":\"La primera antolog\\u00eda del c\\u00f3mic paname\\u00f1o\",\"potentialAction\":[{\"@type\":\"SearchAction\",\"target\":\"https:\/\/antologiapma.com\/?s={search_term_string}\",\"query-input\":\"required name=search_term_string\"}],\"inLanguage\":\"en-US\"},{\"@type\":\"WebPage\",\"@id\":\"https:\/\/antologiapma.com\/?page_id=296#webpage\",\"url\":\"https:\/\/antologiapma.com\/?page_id=296\",\"name\":\"La Sierpe - Antolog\\u00eda de Historietas Paname\\u00f1as\",\"isPartOf\":{\"@id\":\"https:\/\/antologiapma.com\/#website\"},\"datePublished\":\"2020-07-05T22:41:18+00:00\",\"dateModified\":\"2020-07-06T07:02:22+00:00\",\"inLanguage\":\"en-US\",\"potentialAction\":[{\"@type\":\"ReadAction\",\"target\":[\"https:\/\/antologiapma.com\/?page_id=296\"]}]}]}<\/script>\n<!-- \/ Yoast SEO plugin. -->","_links":{"self":[{"href":"https:\/\/antologiapma.com\/index.php?rest_route=\/wp\/v2\/pages\/296"}],"collection":[{"href":"https:\/\/antologiapma.com\/index.php?rest_route=\/wp\/v2\/pages"}],"about":[{"href":"https:\/\/antologiapma.com\/index.php?rest_route=\/wp\/v2\/types\/page"}],"author":[{"embeddable":true,"href":"https:\/\/antologiapma.com\/index.php?rest_route=\/wp\/v2\/users\/1"}],"replies":[{"embeddable":true,"href":"https:\/\/antologiapma.com\/index.php?rest_route=%2Fwp%2Fv2%2Fcomments&post=296"}],"version-history":[{"count":5,"href":"https:\/\/antologiapma.com\/index.php?rest_route=\/wp\/v2\/pages\/296\/revisions"}],"predecessor-version":[{"id":416,"href":"https:\/\/antologiapma.com\/index.php?rest_route=\/wp\/v2\/pages\/296\/revisions\/416"}],"wp:attachment":[{"href":"https:\/\/antologiapma.com\/index.php?rest_route=%2Fwp%2Fv2%2Fmedia&parent=296"}],"curies":[{"name":"wp","href":"https:\/\/api.w.org\/{rel}","templated":true}]}}