{"id":290,"date":"2020-07-05T22:40:05","date_gmt":"2020-07-05T22:40:05","guid":{"rendered":"http:\/\/antologiapma.com\/?page_id=290"},"modified":"2020-07-06T07:01:26","modified_gmt":"2020-07-06T07:01:26","slug":"template-pages-7","status":"publish","type":"page","link":"https:\/\/antologiapma.com\/?page_id=290","title":{"rendered":"Jeg &#038; The City"},"content":{"rendered":"<p>[vc_row][vc_column width=&#8221;1\/2&#8243;][vc_single_image image=&#8221;142&#8243; img_size=&#8221;692&#215;1024&#8243; onclick=&#8221;img_link_large&#8221;][\/vc_column][vc_column width=&#8221;1\/2&#8243;][vc_column_text]<\/p>\n<h2 style=\"text-align: center;\">Jeg &amp; The City<\/h2>\n<p>Es un hecho que todas las plantas y animales poseen vida, pero, \u00bfQu\u00e9 pasar\u00eda si tuvieran consciencia y una capacidad para comunicarse que los seres humanos no podemos percibir? En el bosque de los mil colores, esto es una realidad.<br \/>\nJeg, un joven mapache un tanto rebelde y terco, se muestra sumamente interesado en conocer lo que sucede m\u00e1s all\u00e1 de \u201cla l\u00ednea gris\u201d que es como los seres del bosque conocen a la carretera que separa su hogar con la entrada a la ciudad, muy a pesar de todos los consejos que el roble le ha brindado, \u00e9l contin\u00faa empe\u00f1ado en idear un plan para atravesar la l\u00ednea.[\/vc_column_text][vc_separator color=&#8221;chino&#8221; style=&#8221;shadow&#8221;][vc_column_text]<\/p>\n<h3>Escrito por Gabriel Menchaca<\/h3>\n<p>[\/vc_column_text][vc_single_image image=&#8221;358&#8243; img_size=&#8221;full&#8221; onclick=&#8221;custom_link&#8221; img_link_target=&#8221;_blank&#8221; link=&#8221;https:\/\/www.instagram.com\/gabrielaedisa\/&#8221;][vc_column_text]<\/p>\n<h3>Ilustrado por Carla \u00c1vila<\/h3>\n<p>[\/vc_column_text][vc_single_image image=&#8221;359&#8243; img_size=&#8221;full&#8221; onclick=&#8221;custom_link&#8221; img_link_target=&#8221;_blank&#8221; link=&#8221;https:\/\/www.instagram.com\/neonantlion\/&#8221;][\/vc_column][\/vc_row]<\/p>\n","protected":false},"excerpt":{"rendered":"<p>[vc_row][vc_column width=&#8221;1\/2&#8243;][vc_single_image image=&#8221;142&#8243; img_size=&#8221;692&#215;1024&#8243; onclick=&#8221;img_link_large&#8221;][\/vc_column][vc_column width=&#8221;1\/2&#8243;][vc_column_text] Jeg &amp; The City Es un hecho que todas las plantas y animales poseen vida, pero, \u00bfQu\u00e9 pasar\u00eda si<\/p>\n","protected":false},"author":1,"featured_media":0,"parent":0,"menu_order":0,"comment_status":"closed","ping_status":"closed","template":"","meta":{"spay_email":""},"yoast_head":"<!-- This site is optimized with the Yoast SEO plugin v15.2 - https:\/\/yoast.com\/wordpress\/plugins\/seo\/ -->\n<title>Jeg &amp; The City - Antolog\u00eda de Historietas Paname\u00f1as<\/title>\n<meta name=\"robots\" content=\"index, follow, max-snippet:-1, max-image-preview:large, max-video-preview:-1\" \/>\n<link rel=\"canonical\" href=\"https:\/\/antologiapma.com\/?page_id=290\" \/>\n<meta property=\"og:locale\" content=\"en_US\" \/>\n<meta property=\"og:type\" content=\"article\" \/>\n<meta property=\"og:title\" content=\"Jeg &amp; The City - Antolog\u00eda de Historietas Paname\u00f1as\" \/>\n<meta property=\"og:description\" content=\"[vc_row][vc_column width=&#8221;1\/2&#8243;][vc_single_image image=&#8221;142&#8243; img_size=&#8221;692&#215;1024&#8243; onclick=&#8221;img_link_large&#8221;][\/vc_column][vc_column width=&#8221;1\/2&#8243;][vc_column_text] Jeg &amp; The City Es un hecho que todas las plantas y animales poseen vida, pero, \u00bfQu\u00e9 pasar\u00eda si\" \/>\n<meta property=\"og:url\" content=\"https:\/\/antologiapma.com\/?page_id=290\" \/>\n<meta property=\"og:site_name\" content=\"Antolog\u00eda de Historietas Paname\u00f1as\" \/>\n<meta property=\"article:modified_time\" content=\"2020-07-06T07:01:26+00:00\" \/>\n<meta name=\"twitter:card\" content=\"summary_large_image\" \/>\n<meta name=\"twitter:label1\" value=\"Written by\">\n\t<meta name=\"twitter:data1\" value=\"r.de@ieee.org\">\n\t<meta name=\"twitter:label2\" value=\"Est. reading time\">\n\t<meta name=\"twitter:data2\" value=\"1 minute\">\n<script type=\"application\/ld+json\" class=\"yoast-schema-graph\">{\"@context\":\"https:\/\/schema.org\",\"@graph\":[{\"@type\":\"WebSite\",\"@id\":\"https:\/\/antologiapma.com\/#website\",\"url\":\"https:\/\/antologiapma.com\/\",\"name\":\"Antologia de Historietas Paname\\u00f1as\",\"description\":\"La primera antolog\\u00eda del c\\u00f3mic paname\\u00f1o\",\"potentialAction\":[{\"@type\":\"SearchAction\",\"target\":\"https:\/\/antologiapma.com\/?s={search_term_string}\",\"query-input\":\"required name=search_term_string\"}],\"inLanguage\":\"en-US\"},{\"@type\":\"WebPage\",\"@id\":\"https:\/\/antologiapma.com\/?page_id=290#webpage\",\"url\":\"https:\/\/antologiapma.com\/?page_id=290\",\"name\":\"Jeg & The City - Antolog\\u00eda de Historietas Paname\\u00f1as\",\"isPartOf\":{\"@id\":\"https:\/\/antologiapma.com\/#website\"},\"datePublished\":\"2020-07-05T22:40:05+00:00\",\"dateModified\":\"2020-07-06T07:01:26+00:00\",\"inLanguage\":\"en-US\",\"potentialAction\":[{\"@type\":\"ReadAction\",\"target\":[\"https:\/\/antologiapma.com\/?page_id=290\"]}]}]}<\/script>\n<!-- \/ Yoast SEO plugin. -->","_links":{"self":[{"href":"https:\/\/antologiapma.com\/index.php?rest_route=\/wp\/v2\/pages\/290"}],"collection":[{"href":"https:\/\/antologiapma.com\/index.php?rest_route=\/wp\/v2\/pages"}],"about":[{"href":"https:\/\/antologiapma.com\/index.php?rest_route=\/wp\/v2\/types\/page"}],"author":[{"embeddable":true,"href":"https:\/\/antologiapma.com\/index.php?rest_route=\/wp\/v2\/users\/1"}],"replies":[{"embeddable":true,"href":"https:\/\/antologiapma.com\/index.php?rest_route=%2Fwp%2Fv2%2Fcomments&post=290"}],"version-history":[{"count":5,"href":"https:\/\/antologiapma.com\/index.php?rest_route=\/wp\/v2\/pages\/290\/revisions"}],"predecessor-version":[{"id":413,"href":"https:\/\/antologiapma.com\/index.php?rest_route=\/wp\/v2\/pages\/290\/revisions\/413"}],"wp:attachment":[{"href":"https:\/\/antologiapma.com\/index.php?rest_route=%2Fwp%2Fv2%2Fmedia&parent=290"}],"curies":[{"name":"wp","href":"https:\/\/api.w.org\/{rel}","templated":true}]}}