{"id":285,"date":"2020-07-05T22:38:54","date_gmt":"2020-07-05T22:38:54","guid":{"rendered":"http:\/\/antologiapma.com\/?page_id=285"},"modified":"2020-07-06T07:01:00","modified_gmt":"2020-07-06T07:01:00","slug":"template-pages-5","status":"publish","type":"page","link":"https:\/\/antologiapma.com\/?page_id=285","title":{"rendered":"Escarlata"},"content":{"rendered":"<p>[vc_row][vc_column width=&#8221;1\/2&#8243;][vc_single_image image=&#8221;143&#8243; img_size=&#8221;full&#8221; onclick=&#8221;img_link_large&#8221;][\/vc_column][vc_column width=&#8221;1\/2&#8243;][vc_column_text]<\/p>\n<h2 style=\"text-align: center;\">Escarlata<\/h2>\n<p>Durante el festival de la deidad hind\u00fa Durga, un joven diplom\u00e1tico al servicio del imperio brit\u00e1nico, Narciso Lewis, decide tomar en sus manos la labor de eliminar la amenaza que representa un tigre a la poblaci\u00f3n de Varanasi. Pese a las advertencias de sus superiores y subordinados, Narciso prepara una expedici\u00f3n de caza liderada por un ex shikari (cazador experto) y oficial del ej\u00e9rcito hind\u00fa Anuj Brahmbatt. Sin embargo, Akhil, el tigre, es un experto cazador que juega con sus v\u00edctimas y evade las trampas puestas por los Shikari. Para Anuj, puede ser una figura violenta reencarnada. La cacer\u00eda toma un turno inesperado, y narciso se ve solo en la selva, bajo la amenaza de Akhil.[\/vc_column_text][vc_separator color=&#8221;chino&#8221; style=&#8221;shadow&#8221;][vc_column_text]<\/p>\n<h3>Escrito por Heriberto Pinz\u00f3n<\/h3>\n<p>[\/vc_column_text][vc_single_image image=&#8221;325&#8243; img_size=&#8221;full&#8221; onclick=&#8221;custom_link&#8221; img_link_target=&#8221;_blank&#8221; link=&#8221;https:\/\/heribertopinzon.bandcamp.com\/&#8221;][vc_column_text]<\/p>\n<h3>Ilustrado por Alicia Olayvar<\/h3>\n<p>[\/vc_column_text][vc_single_image image=&#8221;367&#8243; img_size=&#8221;full&#8221; onclick=&#8221;custom_link&#8221; img_link_target=&#8221;_blank&#8221; link=&#8221;https:\/\/www.instagram.com\/cheryalice\/?hl=en&#8221;][\/vc_column][\/vc_row]<\/p>\n","protected":false},"excerpt":{"rendered":"<p>[vc_row][vc_column width=&#8221;1\/2&#8243;][vc_single_image image=&#8221;143&#8243; img_size=&#8221;full&#8221; onclick=&#8221;img_link_large&#8221;][\/vc_column][vc_column width=&#8221;1\/2&#8243;][vc_column_text] Escarlata Durante el festival de la deidad hind\u00fa Durga, un joven diplom\u00e1tico al servicio del imperio brit\u00e1nico, Narciso Lewis,<\/p>\n","protected":false},"author":1,"featured_media":0,"parent":0,"menu_order":0,"comment_status":"closed","ping_status":"closed","template":"","meta":{"spay_email":""},"yoast_head":"<!-- This site is optimized with the Yoast SEO plugin v15.2 - https:\/\/yoast.com\/wordpress\/plugins\/seo\/ -->\n<title>Escarlata - Antolog\u00eda de Historietas Paname\u00f1as<\/title>\n<meta name=\"robots\" content=\"index, follow, max-snippet:-1, max-image-preview:large, max-video-preview:-1\" \/>\n<link rel=\"canonical\" href=\"https:\/\/antologiapma.com\/?page_id=285\" \/>\n<meta property=\"og:locale\" content=\"en_US\" \/>\n<meta property=\"og:type\" content=\"article\" \/>\n<meta property=\"og:title\" content=\"Escarlata - Antolog\u00eda de Historietas Paname\u00f1as\" \/>\n<meta property=\"og:description\" content=\"[vc_row][vc_column width=&#8221;1\/2&#8243;][vc_single_image image=&#8221;143&#8243; img_size=&#8221;full&#8221; onclick=&#8221;img_link_large&#8221;][\/vc_column][vc_column width=&#8221;1\/2&#8243;][vc_column_text] Escarlata Durante el festival de la deidad hind\u00fa Durga, un joven diplom\u00e1tico al servicio del imperio brit\u00e1nico, Narciso Lewis,\" \/>\n<meta property=\"og:url\" content=\"https:\/\/antologiapma.com\/?page_id=285\" \/>\n<meta property=\"og:site_name\" content=\"Antolog\u00eda de Historietas Paname\u00f1as\" \/>\n<meta property=\"article:modified_time\" content=\"2020-07-06T07:01:00+00:00\" \/>\n<meta name=\"twitter:card\" content=\"summary_large_image\" \/>\n<meta name=\"twitter:label1\" value=\"Written by\">\n\t<meta name=\"twitter:data1\" value=\"r.de@ieee.org\">\n\t<meta name=\"twitter:label2\" value=\"Est. reading time\">\n\t<meta name=\"twitter:data2\" value=\"1 minute\">\n<script type=\"application\/ld+json\" class=\"yoast-schema-graph\">{\"@context\":\"https:\/\/schema.org\",\"@graph\":[{\"@type\":\"WebSite\",\"@id\":\"https:\/\/antologiapma.com\/#website\",\"url\":\"https:\/\/antologiapma.com\/\",\"name\":\"Antologia de Historietas Paname\\u00f1as\",\"description\":\"La primera antolog\\u00eda del c\\u00f3mic paname\\u00f1o\",\"potentialAction\":[{\"@type\":\"SearchAction\",\"target\":\"https:\/\/antologiapma.com\/?s={search_term_string}\",\"query-input\":\"required name=search_term_string\"}],\"inLanguage\":\"en-US\"},{\"@type\":\"WebPage\",\"@id\":\"https:\/\/antologiapma.com\/?page_id=285#webpage\",\"url\":\"https:\/\/antologiapma.com\/?page_id=285\",\"name\":\"Escarlata - Antolog\\u00eda de Historietas Paname\\u00f1as\",\"isPartOf\":{\"@id\":\"https:\/\/antologiapma.com\/#website\"},\"datePublished\":\"2020-07-05T22:38:54+00:00\",\"dateModified\":\"2020-07-06T07:01:00+00:00\",\"inLanguage\":\"en-US\",\"potentialAction\":[{\"@type\":\"ReadAction\",\"target\":[\"https:\/\/antologiapma.com\/?page_id=285\"]}]}]}<\/script>\n<!-- \/ Yoast SEO plugin. -->","_links":{"self":[{"href":"https:\/\/antologiapma.com\/index.php?rest_route=\/wp\/v2\/pages\/285"}],"collection":[{"href":"https:\/\/antologiapma.com\/index.php?rest_route=\/wp\/v2\/pages"}],"about":[{"href":"https:\/\/antologiapma.com\/index.php?rest_route=\/wp\/v2\/types\/page"}],"author":[{"embeddable":true,"href":"https:\/\/antologiapma.com\/index.php?rest_route=\/wp\/v2\/users\/1"}],"replies":[{"embeddable":true,"href":"https:\/\/antologiapma.com\/index.php?rest_route=%2Fwp%2Fv2%2Fcomments&post=285"}],"version-history":[{"count":4,"href":"https:\/\/antologiapma.com\/index.php?rest_route=\/wp\/v2\/pages\/285\/revisions"}],"predecessor-version":[{"id":412,"href":"https:\/\/antologiapma.com\/index.php?rest_route=\/wp\/v2\/pages\/285\/revisions\/412"}],"wp:attachment":[{"href":"https:\/\/antologiapma.com\/index.php?rest_route=%2Fwp%2Fv2%2Fmedia&parent=285"}],"curies":[{"name":"wp","href":"https:\/\/api.w.org\/{rel}","templated":true}]}}