{"id":282,"date":"2020-07-05T22:38:05","date_gmt":"2020-07-05T22:38:05","guid":{"rendered":"http:\/\/antologiapma.com\/?page_id=282"},"modified":"2020-07-06T07:00:32","modified_gmt":"2020-07-06T07:00:32","slug":"template-pages-4","status":"publish","type":"page","link":"https:\/\/antologiapma.com\/?page_id=282","title":{"rendered":"En Tr\u00e1nsito"},"content":{"rendered":"<p>[vc_row][vc_column width=&#8221;1\/2&#8243;][vc_single_image image=&#8221;139&#8243; img_size=&#8221;692&#215;1024&#8243; onclick=&#8221;img_link_large&#8221;][\/vc_column][vc_column width=&#8221;1\/2&#8243;][vc_column_text]<\/p>\n<h2 style=\"text-align: center;\">En Tr\u00e1nsito<\/h2>\n<p>La historia de un d\u00eda en la vida de un bus de transporte colectivo, desde que sale del patio por la ma\u00f1ana y todo lo que pasa dentro de \u00e9l, hasta regresar en la noche a su puesto. La gente que se sube a \u00e9l buscando llegar a otro punto de la ciudad, sus experiencias en el bus. Las calles, los tranques, y todo lo que pasa en un d\u00eda com\u00fan, visto desde las ventanas polarizadas de un bus de transporte colectivo. Un estudio de nuestras experiencias comunes, una historia de un lugar en movimiento.<\/p>\n<p>[\/vc_column_text][vc_separator color=&#8221;chino&#8221; style=&#8221;shadow&#8221;][vc_column_text]<\/p>\n<h3 style=\"text-align: left;\">Escrito por Bruno Chanis<\/h3>\n<p>[\/vc_column_text][vc_single_image image=&#8221;370&#8243; img_size=&#8221;full&#8221; onclick=&#8221;custom_link&#8221; img_link_target=&#8221;_blank&#8221; link=&#8221;https:\/\/ko-fi.com\/B0B4B348&#8243;][vc_column_text]<\/p>\n<h3>Ilustrado por Albert Weand<\/h3>\n<p>[\/vc_column_text][vc_single_image image=&#8221;371&#8243; img_size=&#8221;full&#8221; onclick=&#8221;custom_link&#8221; img_link_target=&#8221;_blank&#8221; link=&#8221;https:\/\/www.artstation.com\/aweand&#8221;][\/vc_column][\/vc_row]<\/p>\n","protected":false},"excerpt":{"rendered":"<p>[vc_row][vc_column width=&#8221;1\/2&#8243;][vc_single_image image=&#8221;139&#8243; img_size=&#8221;692&#215;1024&#8243; onclick=&#8221;img_link_large&#8221;][\/vc_column][vc_column width=&#8221;1\/2&#8243;][vc_column_text] En Tr\u00e1nsito La historia de un d\u00eda en la vida de un bus de transporte colectivo, desde que sale<\/p>\n","protected":false},"author":1,"featured_media":0,"parent":0,"menu_order":0,"comment_status":"closed","ping_status":"closed","template":"","meta":{"spay_email":""},"yoast_head":"<!-- This site is optimized with the Yoast SEO plugin v15.2 - https:\/\/yoast.com\/wordpress\/plugins\/seo\/ -->\n<title>En Tr\u00e1nsito - Antolog\u00eda de Historietas Paname\u00f1as<\/title>\n<meta name=\"robots\" content=\"index, follow, max-snippet:-1, max-image-preview:large, max-video-preview:-1\" \/>\n<link rel=\"canonical\" href=\"https:\/\/antologiapma.com\/?page_id=282\" \/>\n<meta property=\"og:locale\" content=\"en_US\" \/>\n<meta property=\"og:type\" content=\"article\" \/>\n<meta property=\"og:title\" content=\"En Tr\u00e1nsito - Antolog\u00eda de Historietas Paname\u00f1as\" \/>\n<meta property=\"og:description\" content=\"[vc_row][vc_column width=&#8221;1\/2&#8243;][vc_single_image image=&#8221;139&#8243; img_size=&#8221;692&#215;1024&#8243; onclick=&#8221;img_link_large&#8221;][\/vc_column][vc_column width=&#8221;1\/2&#8243;][vc_column_text] En Tr\u00e1nsito La historia de un d\u00eda en la vida de un bus de transporte colectivo, desde que sale\" \/>\n<meta property=\"og:url\" content=\"https:\/\/antologiapma.com\/?page_id=282\" \/>\n<meta property=\"og:site_name\" content=\"Antolog\u00eda de Historietas Paname\u00f1as\" \/>\n<meta property=\"article:modified_time\" content=\"2020-07-06T07:00:32+00:00\" \/>\n<meta name=\"twitter:card\" content=\"summary_large_image\" \/>\n<meta name=\"twitter:label1\" value=\"Written by\">\n\t<meta name=\"twitter:data1\" value=\"r.de@ieee.org\">\n\t<meta name=\"twitter:label2\" value=\"Est. reading time\">\n\t<meta name=\"twitter:data2\" value=\"1 minute\">\n<script type=\"application\/ld+json\" class=\"yoast-schema-graph\">{\"@context\":\"https:\/\/schema.org\",\"@graph\":[{\"@type\":\"WebSite\",\"@id\":\"https:\/\/antologiapma.com\/#website\",\"url\":\"https:\/\/antologiapma.com\/\",\"name\":\"Antologia de Historietas Paname\\u00f1as\",\"description\":\"La primera antolog\\u00eda del c\\u00f3mic paname\\u00f1o\",\"potentialAction\":[{\"@type\":\"SearchAction\",\"target\":\"https:\/\/antologiapma.com\/?s={search_term_string}\",\"query-input\":\"required name=search_term_string\"}],\"inLanguage\":\"en-US\"},{\"@type\":\"WebPage\",\"@id\":\"https:\/\/antologiapma.com\/?page_id=282#webpage\",\"url\":\"https:\/\/antologiapma.com\/?page_id=282\",\"name\":\"En Tr\\u00e1nsito - Antolog\\u00eda de Historietas Paname\\u00f1as\",\"isPartOf\":{\"@id\":\"https:\/\/antologiapma.com\/#website\"},\"datePublished\":\"2020-07-05T22:38:05+00:00\",\"dateModified\":\"2020-07-06T07:00:32+00:00\",\"inLanguage\":\"en-US\",\"potentialAction\":[{\"@type\":\"ReadAction\",\"target\":[\"https:\/\/antologiapma.com\/?page_id=282\"]}]}]}<\/script>\n<!-- \/ Yoast SEO plugin. -->","_links":{"self":[{"href":"https:\/\/antologiapma.com\/index.php?rest_route=\/wp\/v2\/pages\/282"}],"collection":[{"href":"https:\/\/antologiapma.com\/index.php?rest_route=\/wp\/v2\/pages"}],"about":[{"href":"https:\/\/antologiapma.com\/index.php?rest_route=\/wp\/v2\/types\/page"}],"author":[{"embeddable":true,"href":"https:\/\/antologiapma.com\/index.php?rest_route=\/wp\/v2\/users\/1"}],"replies":[{"embeddable":true,"href":"https:\/\/antologiapma.com\/index.php?rest_route=%2Fwp%2Fv2%2Fcomments&post=282"}],"version-history":[{"count":4,"href":"https:\/\/antologiapma.com\/index.php?rest_route=\/wp\/v2\/pages\/282\/revisions"}],"predecessor-version":[{"id":411,"href":"https:\/\/antologiapma.com\/index.php?rest_route=\/wp\/v2\/pages\/282\/revisions\/411"}],"wp:attachment":[{"href":"https:\/\/antologiapma.com\/index.php?rest_route=%2Fwp%2Fv2%2Fmedia&parent=282"}],"curies":[{"name":"wp","href":"https:\/\/api.w.org\/{rel}","templated":true}]}}