{"id":278,"date":"2020-07-05T22:36:52","date_gmt":"2020-07-05T22:36:52","guid":{"rendered":"http:\/\/antologiapma.com\/?page_id=278"},"modified":"2020-07-06T06:59:52","modified_gmt":"2020-07-06T06:59:52","slug":"template-pages-2","status":"publish","type":"page","link":"https:\/\/antologiapma.com\/?page_id=278","title":{"rendered":"Afrochica"},"content":{"rendered":"<p>[vc_row][vc_column width=&#8221;1\/2&#8243;][vc_single_image image=&#8221;136&#8243; img_size=&#8221;692&#215;1024&#8243; onclick=&#8221;img_link_large&#8221;][\/vc_column][vc_column width=&#8221;1\/2&#8243;][vc_column_text]<\/p>\n<h2 style=\"text-align: center;\">Afrochica<\/h2>\n<p>Afrochica es una soldado a sueldo. Su padre la entren\u00f3 para serlo y tiene una acompa\u00f1ante, una androide llamada Asia que la acompa\u00f1a desde ni\u00f1a y lucha igual que ella. En esta ocasi\u00f3n la contratan para ir a un planeta infestado por unos cuantos zombis para recuperar una computadora. Para su sorpresa no son unos cuantos zombis y las motivaciones de quienes la contrataron son otras. Ser una distracci\u00f3n para los zombis para que otro agente extraiga la informaci\u00f3n. Sin embargo, Afrochica y Asia recuperan el ordenador y son salvadas a \u00falitmo minuto por un guapo capit\u00e1n.[\/vc_column_text][vc_separator color=&#8221;chino&#8221; style=&#8221;shadow&#8221;][vc_column_text]<\/p>\n<h3>Escrito por Melanie Taylor<\/h3>\n<p>[\/vc_column_text][vc_single_image image=&#8221;380&#8243; img_size=&#8221;full&#8221; onclick=&#8221;custom_link&#8221; img_link_target=&#8221;_blank&#8221; link=&#8221;https:\/\/www.facebook.com\/melanietaylorpty\/&#8221;][vc_column_text]<\/p>\n<h3>Ilustrado por Camille Sloan<\/h3>\n<p>[\/vc_column_text][vc_single_image image=&#8221;381&#8243; img_size=&#8221;full&#8221; onclick=&#8221;custom_link&#8221; img_link_target=&#8221;_blank&#8221; link=&#8221;https:\/\/www.camillesloanarts.com\/&#8221;][\/vc_column][\/vc_row]<\/p>\n","protected":false},"excerpt":{"rendered":"<p>[vc_row][vc_column width=&#8221;1\/2&#8243;][vc_single_image image=&#8221;136&#8243; img_size=&#8221;692&#215;1024&#8243; onclick=&#8221;img_link_large&#8221;][\/vc_column][vc_column width=&#8221;1\/2&#8243;][vc_column_text] Afrochica Afrochica es una soldado a sueldo. Su padre la entren\u00f3 para serlo y tiene una acompa\u00f1ante, una androide<\/p>\n","protected":false},"author":1,"featured_media":0,"parent":0,"menu_order":0,"comment_status":"closed","ping_status":"closed","template":"","meta":{"spay_email":""},"yoast_head":"<!-- This site is optimized with the Yoast SEO plugin v15.2 - https:\/\/yoast.com\/wordpress\/plugins\/seo\/ -->\n<title>Afrochica - Antolog\u00eda de Historietas Paname\u00f1as<\/title>\n<meta name=\"robots\" content=\"index, follow, max-snippet:-1, max-image-preview:large, max-video-preview:-1\" \/>\n<link rel=\"canonical\" href=\"https:\/\/antologiapma.com\/?page_id=278\" \/>\n<meta property=\"og:locale\" content=\"en_US\" \/>\n<meta property=\"og:type\" content=\"article\" \/>\n<meta property=\"og:title\" content=\"Afrochica - Antolog\u00eda de Historietas Paname\u00f1as\" \/>\n<meta property=\"og:description\" content=\"[vc_row][vc_column width=&#8221;1\/2&#8243;][vc_single_image image=&#8221;136&#8243; img_size=&#8221;692&#215;1024&#8243; onclick=&#8221;img_link_large&#8221;][\/vc_column][vc_column width=&#8221;1\/2&#8243;][vc_column_text] Afrochica Afrochica es una soldado a sueldo. Su padre la entren\u00f3 para serlo y tiene una acompa\u00f1ante, una androide\" \/>\n<meta property=\"og:url\" content=\"https:\/\/antologiapma.com\/?page_id=278\" \/>\n<meta property=\"og:site_name\" content=\"Antolog\u00eda de Historietas Paname\u00f1as\" \/>\n<meta property=\"article:modified_time\" content=\"2020-07-06T06:59:52+00:00\" \/>\n<meta name=\"twitter:card\" content=\"summary_large_image\" \/>\n<meta name=\"twitter:label1\" value=\"Written by\">\n\t<meta name=\"twitter:data1\" value=\"r.de@ieee.org\">\n\t<meta name=\"twitter:label2\" value=\"Est. reading time\">\n\t<meta name=\"twitter:data2\" value=\"1 minute\">\n<script type=\"application\/ld+json\" class=\"yoast-schema-graph\">{\"@context\":\"https:\/\/schema.org\",\"@graph\":[{\"@type\":\"WebSite\",\"@id\":\"https:\/\/antologiapma.com\/#website\",\"url\":\"https:\/\/antologiapma.com\/\",\"name\":\"Antologia de Historietas Paname\\u00f1as\",\"description\":\"La primera antolog\\u00eda del c\\u00f3mic paname\\u00f1o\",\"potentialAction\":[{\"@type\":\"SearchAction\",\"target\":\"https:\/\/antologiapma.com\/?s={search_term_string}\",\"query-input\":\"required name=search_term_string\"}],\"inLanguage\":\"en-US\"},{\"@type\":\"WebPage\",\"@id\":\"https:\/\/antologiapma.com\/?page_id=278#webpage\",\"url\":\"https:\/\/antologiapma.com\/?page_id=278\",\"name\":\"Afrochica - Antolog\\u00eda de Historietas Paname\\u00f1as\",\"isPartOf\":{\"@id\":\"https:\/\/antologiapma.com\/#website\"},\"datePublished\":\"2020-07-05T22:36:52+00:00\",\"dateModified\":\"2020-07-06T06:59:52+00:00\",\"inLanguage\":\"en-US\",\"potentialAction\":[{\"@type\":\"ReadAction\",\"target\":[\"https:\/\/antologiapma.com\/?page_id=278\"]}]}]}<\/script>\n<!-- \/ Yoast SEO plugin. -->","_links":{"self":[{"href":"https:\/\/antologiapma.com\/index.php?rest_route=\/wp\/v2\/pages\/278"}],"collection":[{"href":"https:\/\/antologiapma.com\/index.php?rest_route=\/wp\/v2\/pages"}],"about":[{"href":"https:\/\/antologiapma.com\/index.php?rest_route=\/wp\/v2\/types\/page"}],"author":[{"embeddable":true,"href":"https:\/\/antologiapma.com\/index.php?rest_route=\/wp\/v2\/users\/1"}],"replies":[{"embeddable":true,"href":"https:\/\/antologiapma.com\/index.php?rest_route=%2Fwp%2Fv2%2Fcomments&post=278"}],"version-history":[{"count":4,"href":"https:\/\/antologiapma.com\/index.php?rest_route=\/wp\/v2\/pages\/278\/revisions"}],"predecessor-version":[{"id":409,"href":"https:\/\/antologiapma.com\/index.php?rest_route=\/wp\/v2\/pages\/278\/revisions\/409"}],"wp:attachment":[{"href":"https:\/\/antologiapma.com\/index.php?rest_route=%2Fwp%2Fv2%2Fmedia&parent=278"}],"curies":[{"name":"wp","href":"https:\/\/api.w.org\/{rel}","templated":true}]}}