{"id":274,"date":"2020-07-05T22:30:05","date_gmt":"2020-07-05T22:30:05","guid":{"rendered":"http:\/\/antologiapma.com\/?page_id=274"},"modified":"2020-07-06T01:22:50","modified_gmt":"2020-07-06T01:22:50","slug":"template-pages","status":"publish","type":"page","link":"https:\/\/antologiapma.com\/?page_id=274","title":{"rendered":"Vac\u00edo"},"content":{"rendered":"<p>[vc_row][vc_column width=&#8221;1\/2&#8243;][vc_single_image image=&#8221;149&#8243; img_size=&#8221;large&#8221; onclick=&#8221;img_link_large&#8221;][\/vc_column][vc_column width=&#8221;1\/2&#8243;][vc_column_text]<\/p>\n<h2 style=\"text-align: center;\">Vac\u00edo<\/h2>\n<p>Maximiliano es un escritor frustrado que vive en una ciudad de engranajes llamada Metalurge, el padre de Maximiliano quiere que siga la tradici\u00f3n de ser un herrero de engranajes, Maximiliano tiene a un peque\u00f1o ser en su cabeza que maneja sus impulsos y activa su creatividad, Maximiliano decide sacarse a\u00a0 este peque\u00f1o ser de su cabeza y seguir las normas de su padre.[\/vc_column_text][vc_separator color=&#8221;blue&#8221;][vc_column_text]Escrito e ilustrador por: Jhoram Moya[\/vc_column_text][vc_single_image image=&#8221;318&#8243; img_size=&#8221;full&#8221; onclick=&#8221;custom_link&#8221; img_link_target=&#8221;_blank&#8221; link=&#8221;https:\/\/pa.linkedin.com\/in\/jhoram&#8221;][\/vc_column][\/vc_row]<\/p>\n","protected":false},"excerpt":{"rendered":"<p>[vc_row][vc_column width=&#8221;1\/2&#8243;][vc_single_image image=&#8221;149&#8243; img_size=&#8221;large&#8221; onclick=&#8221;img_link_large&#8221;][\/vc_column][vc_column width=&#8221;1\/2&#8243;][vc_column_text] Vac\u00edo Maximiliano es un escritor frustrado que vive en una ciudad de engranajes llamada Metalurge, el padre de Maximiliano<\/p>\n","protected":false},"author":1,"featured_media":0,"parent":0,"menu_order":0,"comment_status":"closed","ping_status":"closed","template":"","meta":{"spay_email":""},"yoast_head":"<!-- This site is optimized with the Yoast SEO plugin v15.2 - https:\/\/yoast.com\/wordpress\/plugins\/seo\/ -->\n<title>Vac\u00edo - Antolog\u00eda de Historietas Paname\u00f1as<\/title>\n<meta name=\"robots\" content=\"index, follow, max-snippet:-1, max-image-preview:large, max-video-preview:-1\" \/>\n<link rel=\"canonical\" href=\"https:\/\/antologiapma.com\/?page_id=274\" \/>\n<meta property=\"og:locale\" content=\"en_US\" \/>\n<meta property=\"og:type\" content=\"article\" \/>\n<meta property=\"og:title\" content=\"Vac\u00edo - Antolog\u00eda de Historietas Paname\u00f1as\" \/>\n<meta property=\"og:description\" content=\"[vc_row][vc_column width=&#8221;1\/2&#8243;][vc_single_image image=&#8221;149&#8243; img_size=&#8221;large&#8221; onclick=&#8221;img_link_large&#8221;][\/vc_column][vc_column width=&#8221;1\/2&#8243;][vc_column_text] Vac\u00edo Maximiliano es un escritor frustrado que vive en una ciudad de engranajes llamada Metalurge, el padre de Maximiliano\" \/>\n<meta property=\"og:url\" content=\"https:\/\/antologiapma.com\/?page_id=274\" \/>\n<meta property=\"og:site_name\" content=\"Antolog\u00eda de Historietas Paname\u00f1as\" \/>\n<meta property=\"article:modified_time\" content=\"2020-07-06T01:22:50+00:00\" \/>\n<meta name=\"twitter:card\" content=\"summary_large_image\" \/>\n<meta name=\"twitter:label1\" value=\"Written by\">\n\t<meta name=\"twitter:data1\" value=\"r.de@ieee.org\">\n\t<meta name=\"twitter:label2\" value=\"Est. reading time\">\n\t<meta name=\"twitter:data2\" value=\"1 minute\">\n<script type=\"application\/ld+json\" class=\"yoast-schema-graph\">{\"@context\":\"https:\/\/schema.org\",\"@graph\":[{\"@type\":\"WebSite\",\"@id\":\"https:\/\/antologiapma.com\/#website\",\"url\":\"https:\/\/antologiapma.com\/\",\"name\":\"Antologia de Historietas Paname\\u00f1as\",\"description\":\"La primera antolog\\u00eda del c\\u00f3mic paname\\u00f1o\",\"potentialAction\":[{\"@type\":\"SearchAction\",\"target\":\"https:\/\/antologiapma.com\/?s={search_term_string}\",\"query-input\":\"required name=search_term_string\"}],\"inLanguage\":\"en-US\"},{\"@type\":\"WebPage\",\"@id\":\"https:\/\/antologiapma.com\/?page_id=274#webpage\",\"url\":\"https:\/\/antologiapma.com\/?page_id=274\",\"name\":\"Vac\\u00edo - Antolog\\u00eda de Historietas Paname\\u00f1as\",\"isPartOf\":{\"@id\":\"https:\/\/antologiapma.com\/#website\"},\"datePublished\":\"2020-07-05T22:30:05+00:00\",\"dateModified\":\"2020-07-06T01:22:50+00:00\",\"inLanguage\":\"en-US\",\"potentialAction\":[{\"@type\":\"ReadAction\",\"target\":[\"https:\/\/antologiapma.com\/?page_id=274\"]}]}]}<\/script>\n<!-- \/ Yoast SEO plugin. -->","_links":{"self":[{"href":"https:\/\/antologiapma.com\/index.php?rest_route=\/wp\/v2\/pages\/274"}],"collection":[{"href":"https:\/\/antologiapma.com\/index.php?rest_route=\/wp\/v2\/pages"}],"about":[{"href":"https:\/\/antologiapma.com\/index.php?rest_route=\/wp\/v2\/types\/page"}],"author":[{"embeddable":true,"href":"https:\/\/antologiapma.com\/index.php?rest_route=\/wp\/v2\/users\/1"}],"replies":[{"embeddable":true,"href":"https:\/\/antologiapma.com\/index.php?rest_route=%2Fwp%2Fv2%2Fcomments&post=274"}],"version-history":[{"count":7,"href":"https:\/\/antologiapma.com\/index.php?rest_route=\/wp\/v2\/pages\/274\/revisions"}],"predecessor-version":[{"id":321,"href":"https:\/\/antologiapma.com\/index.php?rest_route=\/wp\/v2\/pages\/274\/revisions\/321"}],"wp:attachment":[{"href":"https:\/\/antologiapma.com\/index.php?rest_route=%2Fwp%2Fv2%2Fmedia&parent=274"}],"curies":[{"name":"wp","href":"https:\/\/api.w.org\/{rel}","templated":true}]}}