{"id":114,"date":"2020-07-04T14:41:53","date_gmt":"2020-07-04T14:41:53","guid":{"rendered":"http:\/\/antologiapma.com\/?page_id=114"},"modified":"2020-11-30T19:04:22","modified_gmt":"2020-11-30T19:04:22","slug":"comprar","status":"publish","type":"page","link":"https:\/\/antologiapma.com\/?page_id=114","title":{"rendered":"Comprar"},"content":{"rendered":"<p>[vc_row full_width=&#8221;stretch_row_content&#8221;][vc_column][vc_column_text]<\/p>\n<h3 style=\"text-align: center;\">Opciones de compra<\/h3>\n<p>[\/vc_column_text][vc_text_separator title=&#8221;Versi\u00f3n digital.&#8221;][\/vc_column][vc_column width=&#8221;1\/4&#8243;][vc_hoverbox image=&#8221;457&#8243; primary_title=&#8221;&#8221; hover_title=&#8221;Amazon.com&#8221; shape=&#8221;square&#8221; hover_btn_title=&#8221;Acceder&#8221; hover_add_button=&#8221;true&#8221; hover_btn_link=&#8221;url:https%3A%2F%2Fwww.amazon.com%2Fdp%2FB08D66SX8B||target:%20_blank|&#8221;][\/vc_hoverbox][\/vc_column][vc_column width=&#8221;1\/4&#8243;][vc_hoverbox image=&#8221;406&#8243; primary_title=&#8221;&#8221; hover_title=&#8221;ComiXology&#8221; shape=&#8221;square&#8221; hover_btn_title=&#8221;Acceder&#8221; hover_add_button=&#8221;true&#8221; hover_btn_link=&#8221;url:https%3A%2F%2Fwww.comixology.com%2FAntolog%25C3%25ADa-de-Historietas-Paname%25C3%25B1as%2Fcomics-series%2F127796|||&#8221;][\/vc_hoverbox][\/vc_column][vc_column width=&#8221;1\/4&#8243;][vc_hoverbox image=&#8221;424&#8243; primary_title=&#8221;&#8221; hover_title=&#8221;Gumroad&#8221; hover_btn_title=&#8221;Comprar&#8221; hover_add_button=&#8221;true&#8221; hover_btn_link=&#8221;url:https%3A%2F%2Fgum.co%2Fantologiapma|||&#8221;]<\/p>\n<h5><\/h5>\n<p>[\/vc_hoverbox][\/vc_column][vc_column width=&#8221;1\/4&#8243;][vc_hoverbox image=&#8221;447&#8243; primary_title=&#8221;&#8221; hover_title=&#8221;Tebeox&#8221; hover_btn_title=&#8221;Descargar App&#8221; hover_add_button=&#8221;true&#8221; hover_btn_link=&#8221;url:https%3A%2F%2Fplay.google.com%2Fstore%2Fapps%2Fdetails%3Fid%3Dcom.tebeox.tbx|||&#8221;]<\/p>\n<h5><\/h5>\n<p>[\/vc_hoverbox][\/vc_column][\/vc_row][vc_row full_width=&#8221;stretch_row_content&#8221; equal_height=&#8221;yes&#8221;][vc_column][vc_separator color=&#8221;chino&#8221; style=&#8221;shadow&#8221; border_width=&#8221;2&#8243;][vc_text_separator title=&#8221;Versi\u00f3n en encuadernaci\u00f3n r\u00fastica.&#8221;][\/vc_column][vc_column width=&#8221;1\/4&#8243;][vc_hoverbox image=&#8221;383&#8243; primary_title=&#8221;&#8221; hover_title=&#8221;&#8221; shape=&#8221;square&#8221; hover_btn_title=&#8221;Web&#8221; hover_add_button=&#8221;true&#8221; hover_btn_link=&#8221;url:https%3A%2F%2Fhombredelamancha.com%2F|||&#8221;]<\/p>\n<h5>El Hombre de La Mancha<\/h5>\n<p>Tel\u00e9fono:<\/p>\n<p>(+507) 6230-3239<\/p>\n<p>Email:<\/p>\n<p>web@hombredelamancha.com[\/vc_hoverbox][\/vc_column][vc_column width=&#8221;1\/4&#8243;][vc_hoverbox image=&#8221;389&#8243; primary_title=&#8221;&#8221; hover_title=&#8221;&#8221; shape=&#8221;square&#8221; hover_btn_title=&#8221;Web&#8221; hover_add_button=&#8221;true&#8221; hover_btn_link=&#8221;url:http%3A%2F%2Fwww.libreriacultural.com%2Findex.htm|||&#8221;]<\/p>\n<h5>Librer\u00eda Cultural<\/h5>\n<p>Tel\u00e9fono:<\/p>\n<p>(+507) 223-6267<\/p>\n<p>Email:<\/p>\n<p>lacultural@cwpanama.net[\/vc_hoverbox][\/vc_column][vc_column width=&#8221;1\/4&#8243;][vc_hoverbox image=&#8221;394&#8243; primary_title=&#8221;&#8221; hover_title=&#8221;&#8221; shape=&#8221;square&#8221; hover_btn_title=&#8221;Web&#8221; hover_add_button=&#8221;true&#8221; hover_btn_link=&#8221;url:https%3A%2F%2Fdistribuidoralewis.com%2F|||&#8221;]<\/p>\n<h5>Gran Morrison<\/h5>\n<p>Tel\u00e9fono:<\/p>\n<p>(+507)\u00a0200-1888<\/p>\n<p>Email:<\/p>\n<p>info.ventas@distlewis.com[\/vc_hoverbox][\/vc_column][vc_column width=&#8221;1\/4&#8243;][vc_hoverbox image=&#8221;395&#8243; primary_title=&#8221;&#8221; hover_title=&#8221;&#8221; shape=&#8221;square&#8221; hover_btn_title=&#8221;Web&#8221; hover_add_button=&#8221;true&#8221; hover_btn_link=&#8221;url:https%3A%2F%2Fwww.utp.ac.pa%2Fnuestra-oferta-libreria|||&#8221;]<\/p>\n<h5>Librer\u00edas UTP<\/h5>\n<p>Tel\u00e9fono:<\/p>\n<p>(+507) 560-3031<\/p>\n<p>Email:<\/p>\n<p>libreria@utp.ac.pa[\/vc_hoverbox][\/vc_column][vc_column width=&#8221;1\/4&#8243;][vc_hoverbox image=&#8221;397&#8243; primary_title=&#8221;&#8221; hover_title=&#8221;&#8221; shape=&#8221;square&#8221; hover_btn_title=&#8221;Web&#8221; hover_add_button=&#8221;true&#8221; hover_btn_link=&#8221;url:https%3A%2F%2Fusma.ac.pa%2Flibreria%2F|||&#8221;]<\/p>\n<h5>Librer\u00eda USMA<\/h5>\n<p>Tel\u00e9fono:<\/p>\n<p>(+507) 230-8336<\/p>\n<p>Email:<\/p>\n<p>libreria@usma.ac.pa[\/vc_hoverbox][\/vc_column][vc_column width=&#8221;1\/4&#8243;][vc_hoverbox image=&#8221;403&#8243; primary_title=&#8221;&#8221; hover_title=&#8221;&#8221; shape=&#8221;square&#8221; hover_btn_title=&#8221;Web&#8221; hover_add_button=&#8221;true&#8221; hover_btn_link=&#8221;url:https%3A%2F%2Fwww.facebook.com%2Flalibreriadepanamaviejo%2F|||&#8221;]<\/p>\n<h5>La Librer\u00eda de Panam\u00e1 Viejo<\/h5>\n<p>Tel\u00e9fono:<\/p>\n<p>(+507) 302-3412<\/p>\n<p>Email:<\/p>\n<p>libreriapanamaviejo@ediciones-balboa.com[\/vc_hoverbox][\/vc_column][vc_column width=&#8221;1\/4&#8243;][vc_hoverbox image=&#8221;446&#8243; primary_title=&#8221;&#8221; hover_title=&#8221;&#8221; shape=&#8221;square&#8221; hover_btn_title=&#8221;Facebook&#8221; hover_add_button=&#8221;true&#8221; hover_btn_link=&#8221;url:https%3A%2F%2Fwww.facebook.com%2FPanacomic%2F|||&#8221;]<\/p>\n<h5>Distribuidora PanaC\u00f3mic<\/h5>\n<p>Tel\u00e9fono:<\/p>\n<p>(+507) 6088-6127[\/vc_hoverbox][\/vc_column][\/vc_row]<\/p>\n","protected":false},"excerpt":{"rendered":"<p>[vc_row full_width=&#8221;stretch_row_content&#8221;][vc_column][vc_column_text] Opciones de compra [\/vc_column_text][vc_text_separator title=&#8221;Versi\u00f3n digital.&#8221;][\/vc_column][vc_column width=&#8221;1\/4&#8243;][vc_hoverbox image=&#8221;457&#8243; primary_title=&#8221;&#8221; hover_title=&#8221;Amazon.com&#8221; shape=&#8221;square&#8221; hover_btn_title=&#8221;Acceder&#8221; hover_add_button=&#8221;true&#8221; hover_btn_link=&#8221;url:https%3A%2F%2Fwww.amazon.com%2Fdp%2FB08D66SX8B||target:%20_blank|&#8221;][\/vc_hoverbox][\/vc_column][vc_column width=&#8221;1\/4&#8243;][vc_hoverbox image=&#8221;406&#8243; primary_title=&#8221;&#8221; hover_title=&#8221;ComiXology&#8221; shape=&#8221;square&#8221; hover_btn_title=&#8221;Acceder&#8221; hover_add_button=&#8221;true&#8221; hover_btn_link=&#8221;url:https%3A%2F%2Fwww.comixology.com%2FAntolog%25C3%25ADa-de-Historietas-Paname%25C3%25B1as%2Fcomics-series%2F127796|||&#8221;][\/vc_hoverbox][\/vc_column][vc_column width=&#8221;1\/4&#8243;][vc_hoverbox<\/p>\n","protected":false},"author":1,"featured_media":0,"parent":0,"menu_order":0,"comment_status":"closed","ping_status":"closed","template":"","meta":{"spay_email":""},"yoast_head":"<!-- This site is optimized with the Yoast SEO plugin v15.2 - https:\/\/yoast.com\/wordpress\/plugins\/seo\/ -->\n<title>Comprar - Antolog\u00eda de Historietas Paname\u00f1as<\/title>\n<meta name=\"robots\" content=\"index, follow, max-snippet:-1, max-image-preview:large, max-video-preview:-1\" \/>\n<link rel=\"canonical\" href=\"https:\/\/antologiapma.com\/?page_id=114\" \/>\n<meta property=\"og:locale\" content=\"en_US\" \/>\n<meta property=\"og:type\" content=\"article\" \/>\n<meta property=\"og:title\" content=\"Comprar - Antolog\u00eda de Historietas Paname\u00f1as\" \/>\n<meta property=\"og:description\" content=\"[vc_row full_width=&#8221;stretch_row_content&#8221;][vc_column][vc_column_text] Opciones de compra [\/vc_column_text][vc_text_separator title=&#8221;Versi\u00f3n digital.&#8221;][\/vc_column][vc_column width=&#8221;1\/4&#8243;][vc_hoverbox image=&#8221;457&#8243; primary_title=&#8221;&#8221; hover_title=&#8221;Amazon.com&#8221; shape=&#8221;square&#8221; hover_btn_title=&#8221;Acceder&#8221; hover_add_button=&#8221;true&#8221; hover_btn_link=&#8221;url:https%3A%2F%2Fwww.amazon.com%2Fdp%2FB08D66SX8B||target:%20_blank|&#8221;][\/vc_hoverbox][\/vc_column][vc_column width=&#8221;1\/4&#8243;][vc_hoverbox image=&#8221;406&#8243; primary_title=&#8221;&#8221; hover_title=&#8221;ComiXology&#8221; shape=&#8221;square&#8221; hover_btn_title=&#8221;Acceder&#8221; hover_add_button=&#8221;true&#8221; hover_btn_link=&#8221;url:https%3A%2F%2Fwww.comixology.com%2FAntolog%25C3%25ADa-de-Historietas-Paname%25C3%25B1as%2Fcomics-series%2F127796|||&#8221;][\/vc_hoverbox][\/vc_column][vc_column width=&#8221;1\/4&#8243;][vc_hoverbox\" \/>\n<meta property=\"og:url\" content=\"https:\/\/antologiapma.com\/?page_id=114\" \/>\n<meta property=\"og:site_name\" content=\"Antolog\u00eda de Historietas Paname\u00f1as\" \/>\n<meta property=\"article:modified_time\" content=\"2020-11-30T19:04:22+00:00\" \/>\n<meta name=\"twitter:card\" content=\"summary_large_image\" \/>\n<meta name=\"twitter:label1\" value=\"Written by\">\n\t<meta name=\"twitter:data1\" value=\"r.de@ieee.org\">\n\t<meta name=\"twitter:label2\" value=\"Est. reading time\">\n\t<meta name=\"twitter:data2\" value=\"2 minutes\">\n<script type=\"application\/ld+json\" class=\"yoast-schema-graph\">{\"@context\":\"https:\/\/schema.org\",\"@graph\":[{\"@type\":\"WebSite\",\"@id\":\"https:\/\/antologiapma.com\/#website\",\"url\":\"https:\/\/antologiapma.com\/\",\"name\":\"Antologia de Historietas Paname\\u00f1as\",\"description\":\"La primera antolog\\u00eda del c\\u00f3mic paname\\u00f1o\",\"potentialAction\":[{\"@type\":\"SearchAction\",\"target\":\"https:\/\/antologiapma.com\/?s={search_term_string}\",\"query-input\":\"required name=search_term_string\"}],\"inLanguage\":\"en-US\"},{\"@type\":\"WebPage\",\"@id\":\"https:\/\/antologiapma.com\/?page_id=114#webpage\",\"url\":\"https:\/\/antologiapma.com\/?page_id=114\",\"name\":\"Comprar - Antolog\\u00eda de Historietas Paname\\u00f1as\",\"isPartOf\":{\"@id\":\"https:\/\/antologiapma.com\/#website\"},\"datePublished\":\"2020-07-04T14:41:53+00:00\",\"dateModified\":\"2020-11-30T19:04:22+00:00\",\"inLanguage\":\"en-US\",\"potentialAction\":[{\"@type\":\"ReadAction\",\"target\":[\"https:\/\/antologiapma.com\/?page_id=114\"]}]}]}<\/script>\n<!-- \/ Yoast SEO plugin. -->","_links":{"self":[{"href":"https:\/\/antologiapma.com\/index.php?rest_route=\/wp\/v2\/pages\/114"}],"collection":[{"href":"https:\/\/antologiapma.com\/index.php?rest_route=\/wp\/v2\/pages"}],"about":[{"href":"https:\/\/antologiapma.com\/index.php?rest_route=\/wp\/v2\/types\/page"}],"author":[{"embeddable":true,"href":"https:\/\/antologiapma.com\/index.php?rest_route=\/wp\/v2\/users\/1"}],"replies":[{"embeddable":true,"href":"https:\/\/antologiapma.com\/index.php?rest_route=%2Fwp%2Fv2%2Fcomments&post=114"}],"version-history":[{"count":50,"href":"https:\/\/antologiapma.com\/index.php?rest_route=\/wp\/v2\/pages\/114\/revisions"}],"predecessor-version":[{"id":744,"href":"https:\/\/antologiapma.com\/index.php?rest_route=\/wp\/v2\/pages\/114\/revisions\/744"}],"wp:attachment":[{"href":"https:\/\/antologiapma.com\/index.php?rest_route=%2Fwp%2Fv2%2Fmedia&parent=114"}],"curies":[{"name":"wp","href":"https:\/\/api.w.org\/{rel}","templated":true}]}}