{"id":107,"date":"2020-07-04T14:36:54","date_gmt":"2020-07-04T14:36:54","guid":{"rendered":"http:\/\/antologiapma.com\/?page_id=107"},"modified":"2020-07-25T13:40:42","modified_gmt":"2020-07-25T13:40:42","slug":"historias","status":"publish","type":"page","link":"https:\/\/antologiapma.com\/?page_id=107","title":{"rendered":"Historias"},"content":{"rendered":"<p>[vc_row][vc_column width=&#8221;1\/3&#8243;][vc_hoverbox image=&#8221;136&#8243; primary_title=&#8221;&#8221; hover_title=&#8221;Afrochica&#8221; hover_btn_title=&#8221;Saber m\u00e1s&#8221; hover_add_button=&#8221;true&#8221; hover_btn_link=&#8221;url:http%3A%2F%2Fantologiapma.com%2F%3Fpage_id%3D278|title:Template%20pages13||&#8221;]Luchar\u00e1 en un planeta infestado por zombis para recuperar una importante computadora.<\/p>\n<p>&nbsp;[\/vc_hoverbox][\/vc_column][vc_column width=&#8221;1\/3&#8243;][vc_hoverbox image=&#8221;138&#8243; primary_title=&#8221;&#8221; hover_title=&#8221;De Castillos y Leyendas&#8221; hover_btn_title=&#8221;Saber m\u00e1s&#8221; hover_add_button=&#8221;true&#8221; hover_btn_link=&#8221;url:http%3A%2F%2Fantologiapma.com%2F%3Fpage_id%3D280|title:Template%20pages2||&#8221;]Amigos, Boquete, apariciones y ruidos.<\/p>\n<p>&nbsp;[\/vc_hoverbox][\/vc_column][vc_column width=&#8221;1\/3&#8243;][vc_hoverbox image=&#8221;139&#8243; primary_title=&#8221;&#8221; hover_title=&#8221;En Tr\u00e1nsito&#8221; hover_btn_title=&#8221;Saber m\u00e1s&#8221; hover_add_button=&#8221;true&#8221; hover_btn_link=&#8221;url:http%3A%2F%2Fantologiapma.com%2F%3Fpage_id%3D282|title:Template%20pages3||&#8221;]<span style=\"color: #6a6a6a; font-family: Roboto, sans-serif, Arial, Helvetica; font-size: 15px; font-style: normal; font-variant-ligatures: normal; font-variant-caps: normal; font-weight: 400; letter-spacing: normal; orphans: 2; text-align: center; text-indent: 0px; text-transform: none; white-space: normal; widows: 2; word-spacing: 0px; -webkit-text-stroke-width: 0px; background-color: #ebebeb; text-decoration-style: initial; text-decoration-color: initial; display: inline !important; float: none;\">Las historias y experiencias de un d\u00eda en el Metro Bus.<\/span>[\/vc_hoverbox][\/vc_column][\/vc_row][vc_row][vc_column width=&#8221;1\/4&#8243;][vc_hoverbox image=&#8221;143&#8243; primary_title=&#8221;&#8221; hover_title=&#8221;Escarlata&#8221; hover_btn_title=&#8221;Saber m\u00e1s&#8221; hover_add_button=&#8221;true&#8221; hover_btn_link=&#8221;url:http%3A%2F%2Fantologiapma.com%2F%3Fpage_id%3D285|title:Template%20pages4||&#8221;]Un mundo fant\u00e1stico del pasado en pleno siglo XX repleto de aventuras, colores, leyendas y tigres en todas partes.[\/vc_hoverbox][\/vc_column][vc_column width=&#8221;1\/4&#8243;][vc_hoverbox image=&#8221;307&#8243; primary_title=&#8221;&#8221; hover_title=&#8221;Giganta&#8221; hover_btn_title=&#8221;Saber m\u00e1s&#8221; hover_add_button=&#8221;true&#8221; hover_btn_link=&#8221;url:http%3A%2F%2Fantologiapma.com%2F%3Fpage_id%3D288|title:Template%20pages5||&#8221;]La protagonista recurre a un diario encontrado en un estante antiguo para responder dos secretos referentes a su abuelo.[\/vc_hoverbox][\/vc_column][vc_column width=&#8221;1\/4&#8243;][vc_hoverbox image=&#8221;142&#8243; primary_title=&#8221;&#8221; hover_title=&#8221;Jeg &amp; The City&#8221; hover_btn_title=&#8221;Saber m\u00e1s&#8221; hover_add_button=&#8221;true&#8221; hover_btn_link=&#8221;url:http%3A%2F%2Fantologiapma.com%2F%3Fpage_id%3D290|title:Template%20pages6||&#8221;]Animales y plantas comunic\u00e1ndose en busca de lograr un divertido objetivo.[\/vc_hoverbox][\/vc_column][vc_column width=&#8221;1\/4&#8243;][vc_hoverbox image=&#8221;141&#8243; primary_title=&#8221;&#8221; hover_title=&#8221;La Leyenda del Rey Viudo&#8221; hover_btn_title=&#8221;Saber m\u00e1s&#8221; hover_add_button=&#8221;true&#8221; hover_btn_link=&#8221;url:http%3A%2F%2Fantologiapma.com%2F%3Fpage_id%3D292|title:Template%20pages7||&#8221;]El monarca de un reino helado pierde su raz\u00f3n de vivir, evento que repercute en su futuro.[\/vc_hoverbox][\/vc_column][\/vc_row][vc_row][vc_column width=&#8221;1\/3&#8243;][vc_hoverbox image=&#8221;147&#8243; primary_title=&#8221;&#8221; hover_title=&#8221;La Ninfa y El Clavel&#8221; hover_btn_title=&#8221;Saber m\u00e1s&#8221; hover_add_button=&#8221;true&#8221; hover_btn_link=&#8221;url:http%3A%2F%2Fantologiapma.com%2F%3Fpage_id%3D294|title:Template%20pages8||&#8221;]Un ser misterioso y una historia llena de drama, emociones y sentimientos profundos.[\/vc_hoverbox][\/vc_column][vc_column width=&#8221;1\/3&#8243;][vc_hoverbox image=&#8221;146&#8243; primary_title=&#8221;&#8221; hover_title=&#8221;La Sierpe&#8221; hover_btn_title=&#8221;Saber m\u00e1s&#8221; hover_add_button=&#8221;true&#8221; hover_btn_link=&#8221;url:http%3A%2F%2Fantologiapma.com%2F%3Fpage_id%3D296|title:Template%20pages9||&#8221;]Un DJ se prepara para una fiesta tem\u00e1tica de reptiles de una extra\u00f1a tribu urbana. Ah\u00ed conocer\u00e1 a una hermosa mujer. Los dos tienen sus propias intenciones.[\/vc_hoverbox][\/vc_column][vc_column width=&#8221;1\/3&#8243;][vc_hoverbox image=&#8221;145&#8243; primary_title=&#8221;&#8221; hover_title=&#8221;Los H\u00e9roes Nunca Caen&#8221; hover_btn_title=&#8221;Saber m\u00e1s&#8221; hover_add_button=&#8221;true&#8221; hover_btn_link=&#8221;url:http%3A%2F%2Fantologiapma.com%2F%3Fpage_id%3D298|title:Template%20pages10||&#8221;]Un superh\u00e9roe se encuentra con un secuestro a manos de un villano desconocido.[\/vc_hoverbox][\/vc_column][\/vc_row][vc_row][vc_column width=&#8221;1\/4&#8243;][vc_hoverbox image=&#8221;306&#8243; primary_title=&#8221;&#8221; hover_title=&#8221;Miami Ranger&#8221; hover_btn_title=&#8221;Saber m\u00e1s&#8221; hover_add_button=&#8221;true&#8221; hover_btn_link=&#8221;url:http%3A%2F%2Fantologiapma.com%2F%3Fpage_id%3D300|title:Template%20pages||&#8221;]Buscar\u00e1 imponer el orden en una ciudad aterrorizada por una banda de criminales en motocicletas.[\/vc_hoverbox][\/vc_column][vc_column width=&#8221;1\/4&#8243;][vc_hoverbox image=&#8221;150&#8243; primary_title=&#8221;&#8221; hover_title=&#8221;Presentaci\u00f3n&#8221; hover_btn_title=&#8221;Saber m\u00e1s&#8221; hover_add_button=&#8221;true&#8221; hover_btn_link=&#8221;url:http%3A%2F%2Fantologiapma.com%2F%3Fpage_id%3D328|title:Presentaci%C3%B3n||&#8221;]El capit\u00e1n de una patrulla, con un rostro sumamente sonriente y sin ning\u00fan tipo de remordimientos encima, le cuenta sus grandes haza\u00f1as a uno de sus reclutas<\/p>\n<p>&nbsp;[\/vc_hoverbox][\/vc_column][vc_column width=&#8221;1\/4&#8243;][vc_hoverbox image=&#8221;151&#8243; primary_title=&#8221;&#8221; hover_title=&#8221;Taxi or Die!&#8221; hover_btn_title=&#8221;Saber m\u00e1s&#8221; hover_add_button=&#8221;true&#8221; hover_btn_link=&#8221;url:http%3A%2F%2Fantologiapma.com%2F%3Fpage_id%3D302|title:Taxi%20or%20Die!||&#8221;]Carlos busca transporte para llegar a una cita. Esperando desde un largo rato y a punto de rendirse aparece de la nada un taxista. Casi hipnotizado toma el servicio[\/vc_hoverbox][\/vc_column][vc_column width=&#8221;1\/4&#8243;][vc_hoverbox image=&#8221;149&#8243; primary_title=&#8221;&#8221; hover_title=&#8221;Vac\u00edo&#8221; hover_btn_title=&#8221;Saber m\u00e1s&#8221; hover_add_button=&#8221;true&#8221; hover_btn_link=&#8221;url:http%3A%2F%2Fantologiapma.com%2F%3Fpage_id%3D274|title:Template%20pages||&#8221;]El frustrado Maximiliano se debate ente ser un escritor y dibujar, o seguir la tradici\u00f3n familiar de ser herrero, pero un peque\u00f1o ser controla sus impulsos y activa su creatividad.<\/p>\n<p>&nbsp;[\/vc_hoverbox][\/vc_column][\/vc_row]<\/p>\n","protected":false},"excerpt":{"rendered":"<p>[vc_row][vc_column width=&#8221;1\/3&#8243;][vc_hoverbox image=&#8221;136&#8243; primary_title=&#8221;&#8221; hover_title=&#8221;Afrochica&#8221; hover_btn_title=&#8221;Saber m\u00e1s&#8221; hover_add_button=&#8221;true&#8221; hover_btn_link=&#8221;url:http%3A%2F%2Fantologiapma.com%2F%3Fpage_id%3D278|title:Template%20pages13||&#8221;]Luchar\u00e1 en un planeta infestado por zombis para recuperar una importante computadora. &nbsp;[\/vc_hoverbox][\/vc_column][vc_column width=&#8221;1\/3&#8243;][vc_hoverbox image=&#8221;138&#8243; primary_title=&#8221;&#8221; hover_title=&#8221;De<\/p>\n","protected":false},"author":1,"featured_media":0,"parent":0,"menu_order":0,"comment_status":"closed","ping_status":"closed","template":"","meta":{"spay_email":""},"yoast_head":"<!-- This site is optimized with the Yoast SEO plugin v15.2 - https:\/\/yoast.com\/wordpress\/plugins\/seo\/ -->\n<title>Historias - Antolog\u00eda de Historietas Paname\u00f1as<\/title>\n<meta name=\"robots\" content=\"index, follow, max-snippet:-1, max-image-preview:large, max-video-preview:-1\" \/>\n<link rel=\"canonical\" href=\"https:\/\/antologiapma.com\/?page_id=107\" \/>\n<meta property=\"og:locale\" content=\"en_US\" \/>\n<meta property=\"og:type\" content=\"article\" \/>\n<meta property=\"og:title\" content=\"Historias - Antolog\u00eda de Historietas Paname\u00f1as\" \/>\n<meta property=\"og:description\" content=\"[vc_row][vc_column width=&#8221;1\/3&#8243;][vc_hoverbox image=&#8221;136&#8243; primary_title=&#8221;&#8221; hover_title=&#8221;Afrochica&#8221; hover_btn_title=&#8221;Saber m\u00e1s&#8221; hover_add_button=&#8221;true&#8221; hover_btn_link=&#8221;url:http%3A%2F%2Fantologiapma.com%2F%3Fpage_id%3D278|title:Template%20pages13||&#8221;]Luchar\u00e1 en un planeta infestado por zombis para recuperar una importante computadora. &nbsp;[\/vc_hoverbox][\/vc_column][vc_column width=&#8221;1\/3&#8243;][vc_hoverbox image=&#8221;138&#8243; primary_title=&#8221;&#8221; hover_title=&#8221;De\" \/>\n<meta property=\"og:url\" content=\"https:\/\/antologiapma.com\/?page_id=107\" \/>\n<meta property=\"og:site_name\" content=\"Antolog\u00eda de Historietas Paname\u00f1as\" \/>\n<meta property=\"article:modified_time\" content=\"2020-07-25T13:40:42+00:00\" \/>\n<meta name=\"twitter:card\" content=\"summary_large_image\" \/>\n<meta name=\"twitter:label1\" value=\"Written by\">\n\t<meta name=\"twitter:data1\" value=\"r.de@ieee.org\">\n\t<meta name=\"twitter:label2\" value=\"Est. reading time\">\n\t<meta name=\"twitter:data2\" value=\"4 minutes\">\n<script type=\"application\/ld+json\" class=\"yoast-schema-graph\">{\"@context\":\"https:\/\/schema.org\",\"@graph\":[{\"@type\":\"WebSite\",\"@id\":\"https:\/\/antologiapma.com\/#website\",\"url\":\"https:\/\/antologiapma.com\/\",\"name\":\"Antologia de Historietas Paname\\u00f1as\",\"description\":\"La primera antolog\\u00eda del c\\u00f3mic paname\\u00f1o\",\"potentialAction\":[{\"@type\":\"SearchAction\",\"target\":\"https:\/\/antologiapma.com\/?s={search_term_string}\",\"query-input\":\"required name=search_term_string\"}],\"inLanguage\":\"en-US\"},{\"@type\":\"WebPage\",\"@id\":\"https:\/\/antologiapma.com\/?page_id=107#webpage\",\"url\":\"https:\/\/antologiapma.com\/?page_id=107\",\"name\":\"Historias - Antolog\\u00eda de Historietas Paname\\u00f1as\",\"isPartOf\":{\"@id\":\"https:\/\/antologiapma.com\/#website\"},\"datePublished\":\"2020-07-04T14:36:54+00:00\",\"dateModified\":\"2020-07-25T13:40:42+00:00\",\"inLanguage\":\"en-US\",\"potentialAction\":[{\"@type\":\"ReadAction\",\"target\":[\"https:\/\/antologiapma.com\/?page_id=107\"]}]}]}<\/script>\n<!-- \/ Yoast SEO plugin. -->","_links":{"self":[{"href":"https:\/\/antologiapma.com\/index.php?rest_route=\/wp\/v2\/pages\/107"}],"collection":[{"href":"https:\/\/antologiapma.com\/index.php?rest_route=\/wp\/v2\/pages"}],"about":[{"href":"https:\/\/antologiapma.com\/index.php?rest_route=\/wp\/v2\/types\/page"}],"author":[{"embeddable":true,"href":"https:\/\/antologiapma.com\/index.php?rest_route=\/wp\/v2\/users\/1"}],"replies":[{"embeddable":true,"href":"https:\/\/antologiapma.com\/index.php?rest_route=%2Fwp%2Fv2%2Fcomments&post=107"}],"version-history":[{"count":14,"href":"https:\/\/antologiapma.com\/index.php?rest_route=\/wp\/v2\/pages\/107\/revisions"}],"predecessor-version":[{"id":465,"href":"https:\/\/antologiapma.com\/index.php?rest_route=\/wp\/v2\/pages\/107\/revisions\/465"}],"wp:attachment":[{"href":"https:\/\/antologiapma.com\/index.php?rest_route=%2Fwp%2Fv2%2Fmedia&parent=107"}],"curies":[{"name":"wp","href":"https:\/\/api.w.org\/{rel}","templated":true}]}}